{"id":3,"date":"2023-08-02T10:16:58","date_gmt":"2023-08-02T10:16:58","guid":{"rendered":"https:\/\/gusteleria.com\/?page_id=3"},"modified":"2023-08-08T13:16:30","modified_gmt":"2023-08-08T13:16:30","slug":"politica-de-privacidad","status":"publish","type":"page","link":"https:\/\/gusteleria.com\/index.php\/politica-de-privacidad\/","title":{"rendered":"Pol\u00edtica de Privacidad"},"content":{"rendered":"\r\n<h2 class=\"wp-block-heading\" style=\"text-align: center;\">POL\u00cdTICA DE PRIVACIDAD<\/h2>\r\n<p><strong>INTRODUCCI\u00d3N<\/strong><\/p>\r\n<p>Su privacidad es importante para nosotros, as\u00ed que, mediante este documento, le explicamos qu\u00e9 datos recogemos de los usuarios, como los utilizamos y para qu\u00e9, entre otras indicaciones.<\/p>\r\n<p>Para su informaci\u00f3n, nunca pediremos m\u00e1s informaci\u00f3n de la que realmente necesitaremos para los servicios requeridos; nunca la compartiremos con terceros, excepto por obligaci\u00f3n legal o con su autorizaci\u00f3n previa; y nunca utilizaremos sus datos para otra finalidad no indicada previamente.<\/p>\r\n<p>Como usuarios, deber\u00e1 leer atentamente esta Pol\u00edtica de privacidad de manera regular, y siempre que introduzca sus datos personales, ya que este documento puede sufrir modificaciones ya que el prestamista puede modificar cualquier tipo de informaci\u00f3n que pudiera aparecer en la web para cumplir con la normativa o actualizar la pol\u00edtica, y sin que exista la obligaci\u00f3n de preavisar o poner en conocimiento de los usuarios dichas obligaciones, siendo suficientes la publicaci\u00f3n en el sitio web del prestador.<\/p>\r\n<p><strong>EMPRESAS A LAS QUE SE APLICA LA PRESENTE POL\u00cdTICA DE PRIVACIDAD<\/strong><\/p>\r\n<p><strong>CLOUDANA SOLUTIONS S.L,<\/strong>. con NIF B-67146324 , domicilio en Av. Bon Pastor 15, Malgrat de Mar (Barcelona).<br \/>Tel\u00e9fono:<strong>\u00a0938 553 938<br \/><\/strong>Correo electr\u00f3nico:<strong>\u00a0info@cloutions.com<\/strong><\/p>\r\n<p><strong>CLOUDANA SOLUTIONS S.L,<\/strong>\u00a0como responsable del sitio web, de conformidad con lo dispuesto en el Reglamento (UE) 2016\/679 de 27 de abril de 2016 (RGPD) relativo a la protecci\u00f3n de las personas f\u00edsicas en lo que respecta al tratamiento de datos personales ya la libre circulaci\u00f3n de estos datos y dem\u00e1s normativa vigente en materia de protecci\u00f3n de datos personales, y por la Ley 34\/2002, de 11 de julio, de Servicios de la Sociedad de la Informaci\u00f3n y del Comercio Electr\u00f3nico (LSSICE), le informa que tiene implementadas las medidas de seguridad necesarias, de \u00edndole t\u00e9cnica y organizativas, para garantizar y proteger la confidencialidad, integridad y disponibilidad de los datos introducidos.<\/p>\r\n<p><strong>M\u00c9TODO DE OBTENCI\u00d3N DE LOS DATOS y DATOS QUE RECAUDAMOS:<\/strong>\u00a0Los datos que recogemos y c\u00f3mo las obtenemos es la siguiente:<\/p>\r\n<ol>\r\n<li><strong>Formulario de contacto:<\/strong><\/li>\r\n<\/ol>\r\n<ul>\r\n<li>Datos requeridos: nombre, email, edad, tel\u00e9fono,<\/li>\r\n<li>Finalidad: para responder a las consultas y\/o proporcionar informaciones requeridas por el Usuario<\/li>\r\n<li>Legitimaci\u00f3n: consentimiento del usuario<\/li>\r\n<\/ul>\r\n<p>2. Llevar a cabo la relaci\u00f3n contractual y las gestiones administrativas, fiscales y contables an\u00e1logas y que sean necesarias virtud de la legislaci\u00f3n vigente<\/p>\r\n<ul>\r\n<li>Datos requeridos: nombre y apellidos, tel\u00e9fono, direcci\u00f3n, DNI, email, firma<\/li>\r\n<li>Finalidad: llevar a cabo la gesti\u00f3n comercial fiscal y administrativa interna<\/li>\r\n<li>Legitimaci\u00f3n: Consentimiento del interesado y relaci\u00f3n contractual<\/li>\r\n<\/ul>\r\n<p>Puede revocar en cualquier momento su consentimiento remitiendo un escrito con el asunto \u00abBaja\u00bb en el mail rese\u00f1ado.<\/p>\r\n<p>De acuerdo con la LSSICE,\u00a0<strong>CLOUDANA SOLUTIONS S.L,<\/strong>\u00a0no realiza pr\u00e1cticas de SPAM, por lo tanto, no env\u00eda correos comerciales por e-mail que no hayan sido previamente solicitados o autorizados por el Usuario. En consecuencia, en todas las comunicaciones que recibir\u00e1 del prestador, el usuario tiene la posibilidad de cancelar su consentimiento expreso para recibir nuestras comunicaciones.<\/p>\r\n<p>No trataremos sus datos personales para ning\u00fan otro fin de las descritas excepto por obligaci\u00f3n legal o requerimiento judicial.<\/p>\r\n<p>No ser\u00e1 objeto de decisiones basadas en tratamientos automatizados que produzcan efectos sobre sus datos.<\/p>\r\n<p><strong>PLAZO DE CONSERVACI\u00d3N DE LOS DATOS:<\/strong><\/p>\r\n<p>Sus datos se conservar\u00e1n mientras dure la relaci\u00f3n comercial con nosotros o ejerce su derecho de cancelaci\u00f3n u oposici\u00f3n, o limitaci\u00f3n al tratamiento. Sin embargo, conservaremos sus datos en los plazos legalmente previstos en las disposiciones aplicables.<\/p>\r\n<p><strong>DESTINATARIOS DE CESIONES O TRANSFERENCIAS:<\/strong><\/p>\r\n<p><strong>CLOUDANA SOLUTIONS S.L,<\/strong>\u00a0podr\u00e1 contratar determinados servicios la prestaci\u00f3n de los cuales la realizar\u00e1n terceras empresas (Encargados del tratamiento) a las que se les comunicar\u00e1n sus datos. Con todas estas empresas se firma el correspondiente contrato de encargado de tratamiento para garantizar que el uso de los datos personales a los que les damos acceso para la prestaci\u00f3n del servicio se realice de acuerdo a la legislaci\u00f3n vigente en materia de protecci\u00f3n de datos.<\/p>\r\n<p>Se podr\u00e1n ceder sus datos entre las empresas de\u00a0<strong>CLOUDANA SOLUTIONS S.L,<\/strong>\u00a0y a las fuerzas y cuerpos de seguridad bajo orden judicial o por obligaci\u00f3n de una norma legal, sin perjuicio de poder bloquear o cancelar su cuenta si puede haber indicios de la comisi\u00f3n de alg\u00fan delito por parte del usuario. La informaci\u00f3n facilitada ser\u00e1 s\u00f3lo la que disponga en ese momento el prestador.<\/p>\r\n<p>La informaci\u00f3n que nos proporcione a trav\u00e9s de este sitio web ser\u00e1 alojada en los servidores de\u00a0<strong>CLOUDANA SOLUTIONS S.L,<\/strong>\u00a0contratados a la empresa que presta el servicio de alojamiento de la web. El tratamiento de los datos de la entidad se encuentra regulado mediante un contrato de encargado del tratamiento entre el prestador y esta empresa.<\/p>\r\n<p>Asimismo, el prestador utiliza determinadas herramientas para prestar servicios necesarios para el desarrollo de la actividad, pudiendo almacenar sus datos. Estas herramientas son las siguientes:<\/p>\r\n<p>Plataformas de mailing:<\/p>\r\n<ul>\r\n<li>Mailchimp: The Rocket Science Group, LLC, 675 Ponce de Leon Ave NE, Suite 5000, Atlanta, GA 30308 USA.<\/li>\r\n<li>ZOHO: Data Protection Officer, Zoho Corporation BV, Beneluxlaan 4B, 3527 HT Utrecht, The Netherlands.<\/li>\r\n<\/ul>\r\n<p><strong>DERECHOS DE LAS PERSONAS INTERESADAS:<\/strong><\/p>\r\n<p>Como usuario-interesado, puede solicitar el ejercicio de los siguientes derechos ante\u00a0<strong>CLOUDANA SOLUTIONS S.L,<\/strong>\u00a0presentando un escrito a la direcci\u00f3n postal del encabezamiento o enviando un correo electr\u00f3nico a\u00a0<strong>info@cloutions.com<\/strong>, indicando como Asunto:\u00a0<strong>\u00abPROTECCI\u00d3N DE DATOS: DERECHOS DE LOS AFECTADOS \u201c.<\/strong><\/p>\r\n<p>Derechos:<\/p>\r\n<ul>\r\n<li><strong>Derecho de acceso:<\/strong>\u00a0permite al interesado conocer y obtener informaci\u00f3n sobre sus datos de car\u00e1cter personal sometidos a tratamiento.<\/li>\r\n<li><strong>Derecho de rectificaci\u00f3n o supresi\u00f3n:<\/strong>\u00a0permite corregir errores y modificar los datos que resulten ser inexactos o incompletos.<\/li>\r\n<li><strong>Derecho de cancelaci\u00f3n:<\/strong>\u00a0permite que se supriman los datos que sean inadecuados o excesivos.<\/li>\r\n<li><strong>Derecho de oposici\u00f3n:<\/strong>\u00a0derecho del interesado a que no se lleve a cabo el tratamiento de sus datos de car\u00e1cter personal o se cese en el mismo.<\/li>\r\n<li><strong>Limitaci\u00f3n del tratamiento:<\/strong>\u00a0conlleva el marcado de los datos personales conservados, con el fin de limitar su futuro tratamiento, para el ejercicio o la defensa de reclamaciones.<\/li>\r\n<li><strong>Portabilidad de los datos:<\/strong>\u00a0facilitaci\u00f3n de los datos objeto de tratamiento al interesado, para que \u00e9ste pueda transmitir a otro responsable, sin impedimentos.<\/li>\r\n<li><strong>Derecho a no ser objeto de decisiones individuales automatizadas (incluida la elaboraci\u00f3n de perfiles):<\/strong>\u00a0derecho a no ser objeto de una decisi\u00f3n basada en el tratamiento automatizado que produzca efectos o afecte significativamente<\/li>\r\n<\/ul>\r\n<p>Como usuario, tiene derecho a retirar el consentimiento dado en cualquier momento. La retirada del consentimiento no afectar\u00e1 a la licitud del tratamiento efectuado antes de la retirada del consentimiento.<\/p>\r\n<p>Tambi\u00e9n tiene derecho a presentar una reclamaci\u00f3n ante la autoridad de control si considera que pueden haberse visto vulnerados sus derechos en relaci\u00f3n a la protecci\u00f3n de sus datos (aepd.es).<\/p>\r\n<p><strong>INFORMACI\u00d3N ADDICIONAL<\/strong><\/p>\r\n<p><strong>MEDIDAS DE SEGURIDAD:<\/strong><\/p>\r\n<p>Los datos que nos facilite se tratar\u00e1n de forma confidencial. El prestador ha adoptado todas las medidas t\u00e9cnicas y organizativas y todos los niveles de protecci\u00f3n necesarios para garantizar la seguridad en el tratamiento de los datos y evitar su alteraci\u00f3n, p\u00e9rdida, robo, tratamiento o acceso no autorizado, de acuerdo al estado de la tecnolog\u00eda y naturaleza de los datos almacenados. Asimismo, se garantiza tambi\u00e9n que el tratamiento y registro en ficheros, programas, sistemas o equipos, locales y centros cumplen con los requisitos y condiciones de integridad y seguridad establecidas en la normativa vigente.<\/p>\r\n<p><strong>IDIOMA<\/strong><\/p>\r\n<p>El idioma aplicable a esta pol\u00edtica de privacidad es el castellano. Por tanto, en caso de que hubiera alguna contradicci\u00f3n en alguna de las versiones facilitadas en otros idiomas, prevalecer\u00e1 la versi\u00f3n en castellano.<\/p>\r\n<p><strong>REDES SOCIALES<\/strong><\/p>\r\n<p>Le informamos que\u00a0<strong>CLOUDANA SOLUTIONS S.L,<\/strong>\u00a0puede tener presencia en redes sociales. El tratamiento de los datos que se lleve a cabo de las personas que se hagan seguidoras en las redes sociales (y \/ o realicen cualquier v\u00ednculo o acci\u00f3n de conexi\u00f3n a trav\u00e9s de las redes sociales) de las p\u00e1ginas oficiales de\u00a0<strong>CLOUDANA SOLUTIONS S.L,<\/strong>\u00a0se regir\u00e1 por este apartado, as\u00ed como para aquellas condiciones de uso, pol\u00edticas de privacidad y normativas de acceso que pertenezcan a la red social que proceda en cada caso y aceptadas previamente por el usuario.<\/p>\r\n<p><strong>CLOUDANA SOLUTIONS S.L,<\/strong>\u00a0tratar\u00e1 sus datos con las finalidades de administrar correctamente su presencia en la red social, informando de actividades, productos o servicios del prestador, as\u00ed como para cualquier otra finalidad que las normativas de las Redes Sociales permitan.<\/p>\r\n<p>Queda prohibida la publicaci\u00f3n de contenidos:<\/p>\r\n<ul>\r\n<li>Que sean presuntamente il\u00edcitos por la normativa nacional, comunitaria o internacional o que realicen actividades presuntamente il\u00edcitas o contravengan los principios de la buena fe.<\/li>\r\n<li>Que atenten contra los derechos fundamentales de las personas, falten a la cortes\u00eda en la red, molesten o puedan generar opiniones negativas en nuestros usuarios o terceros y en general cualesquiera sean los contenidos que\u00a0<strong>CLOUDANA SOLUTIONS S.L,<\/strong>\u00a0considere inapropiados.<\/li>\r\n<li>Y en general que contravengan los principios de legalidad, honradez, responsabilidad, protecci\u00f3n de la dignidad humana, protecci\u00f3n de menores, protecci\u00f3n del orden p\u00fablico, la protecci\u00f3n de la vida privada, la protecci\u00f3n del consumidor y los derechos de propiedad intelectual e industrial.<br \/>Asimismo,\u00a0<strong>CLOUDANA SOLUTIONS S.L,<\/strong>\u00a0se reserva la potestad de retirar, sin previo aviso del sitio web o de la red social corporativa aquellos contenidos que se consideran inadecuados.<\/li>\r\n<\/ul>\r\n<p>En todo caso, si Ud. remite informaci\u00f3n personal a trav\u00e9s de la red social,\u00a0<strong>CLOUDANA SOLUTIONS S.L,<\/strong>\u00a0quedar\u00e1 exento de responsabilidad en relaci\u00f3n con las medidas de seguridad aplicables a la presente plataforma y el usuario, en caso de querer conocerlas, debe consultar las correspondientes condiciones particulares de la red en cuesti\u00f3n.<\/p>\r\n<p><strong>WHATSAPP<\/strong><\/p>\r\n<p>El tratamiento de los datos que se lleven a cabo de las personas que realicen una consulta a trav\u00e9s de WhatsApp de\u00a0<strong>CLOUDANA SOLUTIONS S.L,<\/strong>\u00a0se regir\u00e1 por este apartado, as\u00ed como aquellas condiciones de uso, pol\u00edticas de privacidad y normativas de acceso que pertenezcan a la aplicaci\u00f3n que procedan en cada caso y aceptadas previamente por el usuario.\u00a0<strong>CLOUDANA SOLUTIONS S.L,<\/strong>, tratar\u00e1 sus datos con la finalidad de administrar correctamente su consulta, as\u00ed como cualquier otra finalidad de la gesti\u00f3n administrativa del servicio. Queda prohibido el uso del WhatsApp de\u00a0<strong>CLOUDANA SOLUTIONS S.L,\u00a0<\/strong>para el env\u00edo de contenidos que no sean los necesarios para la respuesta a la consulta y que sean il\u00edcitos por la normativa nacional o internacional que atente contra los derechos fundamentales de las personas y en general que contravengan los principios de legalidad, honradez, responsabilidad, protecci\u00f3n de la vida privada, la protecci\u00f3n del consumidor y los derechos de propiedad intelectual e industrial.<\/p>\r\n<p><strong>CAMBIOS EN LA PRESENTE POL\u00cdTICA DE PRIVACIDAD<\/strong><\/p>\r\n<p><strong>CLOUDANA SOLUTIONS S.L,<\/strong>\u00a0se reserva el derecho a modificar la presente pol\u00edtica para adaptarla a novedades legislativas o jurisprudenciales.<\/p>\r\n<p><strong>REVOCABILIDAD<\/strong><\/p>\r\n<p>El consentimiento prestado, tanto por el tratamiento como para la cesi\u00f3n de los datos de los interesados, es revocable en cualquier momento comunic\u00e1ndolo a\u00a0<strong>CLOUDANA SOLUTIONS S.L,<\/strong>\u00a0en los t\u00e9rminos establecidos en esta Pol\u00edtica para el ejercicio de los derechos. Esta revocaci\u00f3n en ning\u00fan caso tendr\u00e1 car\u00e1cter retroactivo.<\/p>\r\n<p><strong>CLOUDANA SOLUTIONS S.L,<\/strong><\/p>\r\n<p>Con car\u00e1cter general las relaciones entre\u00a0<strong>CLOUDANA SOLUTIONS S.L,<\/strong>\u00a0con los Usuarios de sus servicios telem\u00e1ticos, presentes en esta web, est\u00e1n sometidos a la legislaci\u00f3n y jurisdicci\u00f3n espa\u00f1ola a la que se someten expresamente las partes, siendo competentes para la resoluci\u00f3n de todos los conflictos derivados o relacionados con su uso los Juzgados y Tribunales de Barcelona.<\/p>\r\n","protected":false},"excerpt":{"rendered":"<p>POL\u00cdTICA DE PRIVACIDAD INTRODUCCI\u00d3N Su privacidad es importante para nosotros, as\u00ed que, mediante este documento, le explicamos qu\u00e9 datos recogemos de los usuarios, como los utilizamos y para qu\u00e9, entre otras indicaciones. Para su informaci\u00f3n, nunca pediremos m\u00e1s informaci\u00f3n de la que realmente necesitaremos para los servicios requeridos; nunca la compartiremos con terceros, excepto por [&hellip;]<\/p>\n","protected":false},"author":1,"featured_media":0,"parent":0,"menu_order":0,"comment_status":"closed","ping_status":"closed","template":"","meta":{"footnotes":""},"class_list":["post-3","page","type-page","status-publish","hentry"],"yoast_head":"<!-- This site is optimized with the Yoast SEO plugin v27.4 - https:\/\/yoast.com\/product\/yoast-seo-wordpress\/ -->\n<title>Pol\u00edtica de Privacidad - Gusteler\u00eda<\/title>\n<meta name=\"robots\" content=\"index, follow, max-snippet:-1, max-image-preview:large, max-video-preview:-1\" \/>\n<link rel=\"canonical\" href=\"https:\/\/gusteleria.com\/index.php\/politica-de-privacidad\/\" \/>\n<meta property=\"og:locale\" content=\"en_US\" \/>\n<meta property=\"og:type\" content=\"article\" \/>\n<meta property=\"og:title\" content=\"Pol\u00edtica de Privacidad - Gusteler\u00eda\" \/>\n<meta property=\"og:description\" content=\"POL\u00cdTICA DE PRIVACIDAD INTRODUCCI\u00d3N Su privacidad es importante para nosotros, as\u00ed que, mediante este documento, le explicamos qu\u00e9 datos recogemos de los usuarios, como los utilizamos y para qu\u00e9, entre otras indicaciones. Para su informaci\u00f3n, nunca pediremos m\u00e1s informaci\u00f3n de la que realmente necesitaremos para los servicios requeridos; nunca la compartiremos con terceros, excepto por [&hellip;]\" \/>\n<meta property=\"og:url\" content=\"https:\/\/gusteleria.com\/index.php\/politica-de-privacidad\/\" \/>\n<meta property=\"og:site_name\" content=\"Gusteler\u00eda\" \/>\n<meta property=\"article:modified_time\" content=\"2023-08-08T13:16:30+00:00\" \/>\n<meta name=\"twitter:card\" content=\"summary_large_image\" \/>\n<meta name=\"twitter:label1\" content=\"Est. reading time\" \/>\n\t<meta name=\"twitter:data1\" content=\"9 minutes\" \/>\n<script type=\"application\/ld+json\" class=\"yoast-schema-graph\">{\"@context\":\"https:\\\/\\\/schema.org\",\"@graph\":[{\"@type\":\"WebPage\",\"@id\":\"https:\\\/\\\/gusteleria.com\\\/index.php\\\/politica-de-privacidad\\\/\",\"url\":\"https:\\\/\\\/gusteleria.com\\\/index.php\\\/politica-de-privacidad\\\/\",\"name\":\"Pol\u00edtica de Privacidad - Gusteler\u00eda\",\"isPartOf\":{\"@id\":\"https:\\\/\\\/gusteleria.com\\\/#website\"},\"datePublished\":\"2023-08-02T10:16:58+00:00\",\"dateModified\":\"2023-08-08T13:16:30+00:00\",\"breadcrumb\":{\"@id\":\"https:\\\/\\\/gusteleria.com\\\/index.php\\\/politica-de-privacidad\\\/#breadcrumb\"},\"inLanguage\":\"en-US\",\"potentialAction\":[{\"@type\":\"ReadAction\",\"target\":[\"https:\\\/\\\/gusteleria.com\\\/index.php\\\/politica-de-privacidad\\\/\"]}]},{\"@type\":\"BreadcrumbList\",\"@id\":\"https:\\\/\\\/gusteleria.com\\\/index.php\\\/politica-de-privacidad\\\/#breadcrumb\",\"itemListElement\":[{\"@type\":\"ListItem\",\"position\":1,\"name\":\"Home\",\"item\":\"https:\\\/\\\/gusteleria.com\\\/index.php\\\/inicio\\\/\"},{\"@type\":\"ListItem\",\"position\":2,\"name\":\"Pol\u00edtica de Privacidad\"}]},{\"@type\":\"WebSite\",\"@id\":\"https:\\\/\\\/gusteleria.com\\\/#website\",\"url\":\"https:\\\/\\\/gusteleria.com\\\/\",\"name\":\"Gusteler\u00eda\",\"description\":\"\",\"potentialAction\":[{\"@type\":\"SearchAction\",\"target\":{\"@type\":\"EntryPoint\",\"urlTemplate\":\"https:\\\/\\\/gusteleria.com\\\/?s={search_term_string}\"},\"query-input\":{\"@type\":\"PropertyValueSpecification\",\"valueRequired\":true,\"valueName\":\"search_term_string\"}}],\"inLanguage\":\"en-US\"}]}<\/script>\n<!-- \/ Yoast SEO plugin. -->","yoast_head_json":{"title":"Pol\u00edtica de Privacidad - Gusteler\u00eda","robots":{"index":"index","follow":"follow","max-snippet":"max-snippet:-1","max-image-preview":"max-image-preview:large","max-video-preview":"max-video-preview:-1"},"canonical":"https:\/\/gusteleria.com\/index.php\/politica-de-privacidad\/","og_locale":"en_US","og_type":"article","og_title":"Pol\u00edtica de Privacidad - Gusteler\u00eda","og_description":"POL\u00cdTICA DE PRIVACIDAD INTRODUCCI\u00d3N Su privacidad es importante para nosotros, as\u00ed que, mediante este documento, le explicamos qu\u00e9 datos recogemos de los usuarios, como los utilizamos y para qu\u00e9, entre otras indicaciones. Para su informaci\u00f3n, nunca pediremos m\u00e1s informaci\u00f3n de la que realmente necesitaremos para los servicios requeridos; nunca la compartiremos con terceros, excepto por [&hellip;]","og_url":"https:\/\/gusteleria.com\/index.php\/politica-de-privacidad\/","og_site_name":"Gusteler\u00eda","article_modified_time":"2023-08-08T13:16:30+00:00","twitter_card":"summary_large_image","twitter_misc":{"Est. reading time":"9 minutes"},"schema":{"@context":"https:\/\/schema.org","@graph":[{"@type":"WebPage","@id":"https:\/\/gusteleria.com\/index.php\/politica-de-privacidad\/","url":"https:\/\/gusteleria.com\/index.php\/politica-de-privacidad\/","name":"Pol\u00edtica de Privacidad - Gusteler\u00eda","isPartOf":{"@id":"https:\/\/gusteleria.com\/#website"},"datePublished":"2023-08-02T10:16:58+00:00","dateModified":"2023-08-08T13:16:30+00:00","breadcrumb":{"@id":"https:\/\/gusteleria.com\/index.php\/politica-de-privacidad\/#breadcrumb"},"inLanguage":"en-US","potentialAction":[{"@type":"ReadAction","target":["https:\/\/gusteleria.com\/index.php\/politica-de-privacidad\/"]}]},{"@type":"BreadcrumbList","@id":"https:\/\/gusteleria.com\/index.php\/politica-de-privacidad\/#breadcrumb","itemListElement":[{"@type":"ListItem","position":1,"name":"Home","item":"https:\/\/gusteleria.com\/index.php\/inicio\/"},{"@type":"ListItem","position":2,"name":"Pol\u00edtica de Privacidad"}]},{"@type":"WebSite","@id":"https:\/\/gusteleria.com\/#website","url":"https:\/\/gusteleria.com\/","name":"Gusteler\u00eda","description":"","potentialAction":[{"@type":"SearchAction","target":{"@type":"EntryPoint","urlTemplate":"https:\/\/gusteleria.com\/?s={search_term_string}"},"query-input":{"@type":"PropertyValueSpecification","valueRequired":true,"valueName":"search_term_string"}}],"inLanguage":"en-US"}]}},"_links":{"self":[{"href":"https:\/\/gusteleria.com\/index.php\/wp-json\/wp\/v2\/pages\/3","targetHints":{"allow":["GET"]}}],"collection":[{"href":"https:\/\/gusteleria.com\/index.php\/wp-json\/wp\/v2\/pages"}],"about":[{"href":"https:\/\/gusteleria.com\/index.php\/wp-json\/wp\/v2\/types\/page"}],"author":[{"embeddable":true,"href":"https:\/\/gusteleria.com\/index.php\/wp-json\/wp\/v2\/users\/1"}],"replies":[{"embeddable":true,"href":"https:\/\/gusteleria.com\/index.php\/wp-json\/wp\/v2\/comments?post=3"}],"version-history":[{"count":0,"href":"https:\/\/gusteleria.com\/index.php\/wp-json\/wp\/v2\/pages\/3\/revisions"}],"wp:attachment":[{"href":"https:\/\/gusteleria.com\/index.php\/wp-json\/wp\/v2\/media?parent=3"}],"curies":[{"name":"wp","href":"https:\/\/api.w.org\/{rel}","templated":true}]}}